{"id":81,"date":"2010-07-26T18:01:06","date_gmt":"2010-07-26T18:01:06","guid":{"rendered":"http:\/\/bezprawie.pl\/?page_id=81"},"modified":"2015-04-23T07:42:08","modified_gmt":"2015-04-23T07:42:08","slug":"dolacz-do-nas","status":"publish","type":"page","link":"https:\/\/www.bezprawie.pl\/?page_id=81","title":{"rendered":"Do\u0142\u0105cz do nas"},"content":{"rendered":"<p>Je\u015bli nie boisz si\u0119 prawdy, masz cywiln\u0105 odwag\u0119 powiedzie\u0107 k\u0142amstwu NIE, masz chwil\u0119 czasu oraz potrafisz w spos\u00f3b jasny formu\u0142owa\u0107 swoje my\u015bli i os\u0105dy &#8211; napisz do nas: bezprawie@hybryda.pl Pewno nie naprawimy \u015bwiata, ale mo\u017ce poka\u017cemy jego obraz, szczeg\u00f3lnie naszego kraju b\u0119d\u0105cego we w\u0142adaniu instytucji, kt\u00f3re za nic maj\u0105 prawo, a co gorsze obywateli. Bardzo nas razi fasadowo\u015b\u0107 instytucji demokratycznych i prawnych. Czekamy na ciebie, mo\u017ce uda si\u0119 co\u015b razem zrobi\u0107.<\/p>\n","protected":false},"excerpt":{"rendered":"<p>Je\u015bli nie boisz si\u0119 prawdy, masz cywiln\u0105 odwag\u0119 powiedzie\u0107 k\u0142amstwu NIE, masz chwil\u0119 czasu oraz potrafisz w spos\u00f3b jasny formu\u0142owa\u0107 swoje my\u015bli i os\u0105dy &#8211; napisz do nas: bezprawie@hybryda.pl Pewno nie naprawimy \u015bwiata, ale mo\u017ce poka\u017cemy jego obraz, szczeg\u00f3lnie naszego &hellip; <a href=\"https:\/\/www.bezprawie.pl\/?page_id=81\">Czytaj dalej <span class=\"meta-nav\">&rarr;<\/span><\/a><\/p>\n","protected":false},"author":1,"featured_media":0,"parent":0,"menu_order":9,"comment_status":"closed","ping_status":"open","template":"","meta":{"footnotes":""},"class_list":["post-81","page","type-page","status-publish","hentry"],"_links":{"self":[{"href":"https:\/\/www.bezprawie.pl\/index.php?rest_route=\/wp\/v2\/pages\/81","targetHints":{"allow":["GET"]}}],"collection":[{"href":"https:\/\/www.bezprawie.pl\/index.php?rest_route=\/wp\/v2\/pages"}],"about":[{"href":"https:\/\/www.bezprawie.pl\/index.php?rest_route=\/wp\/v2\/types\/page"}],"author":[{"embeddable":true,"href":"https:\/\/www.bezprawie.pl\/index.php?rest_route=\/wp\/v2\/users\/1"}],"replies":[{"embeddable":true,"href":"https:\/\/www.bezprawie.pl\/index.php?rest_route=%2Fwp%2Fv2%2Fcomments&post=81"}],"version-history":[{"count":4,"href":"https:\/\/www.bezprawie.pl\/index.php?rest_route=\/wp\/v2\/pages\/81\/revisions"}],"predecessor-version":[{"id":472,"href":"https:\/\/www.bezprawie.pl\/index.php?rest_route=\/wp\/v2\/pages\/81\/revisions\/472"}],"wp:attachment":[{"href":"https:\/\/www.bezprawie.pl\/index.php?rest_route=%2Fwp%2Fv2%2Fmedia&parent=81"}],"curies":[{"name":"wp","href":"https:\/\/api.w.org\/{rel}","templated":true}]}}